{"id":10,"date":"2023-06-22T08:11:35","date_gmt":"2023-06-22T08:11:35","guid":{"rendered":"https:\/\/uid-cloud18.segi.ulg.ac.be\/planicrise\/?page_id=10"},"modified":"2026-03-23T10:01:09","modified_gmt":"2026-03-23T10:01:09","slug":"la-formation","status":"publish","type":"page","link":"https:\/\/www.planicrise.be\/index.php\/la-formation\/","title":{"rendered":"Agenda"},"content":{"rendered":"\n<p><\/p>\n\n\n\n<p><strong>Agenda 2025-2026 <\/strong><\/p>\n\n\n\n<p>Le cursus comprend une formation th\u00e9orique et d\u2019expertise, de nombreux exercices pratiques, ainsi qu\u2019un travail de fin de formation. Les d\u00e9tails de ces 30 cr\u00e9dits peuvent se trouver \u00e0 l&#8217;adresse suivante: <a href=\"https:\/\/www.programmes.uliege.be\/cocoon\/20232024\/formations\/bref\/DYGARC90.html\" target=\"_blank\" rel=\"noreferrer noopener\">https:\/\/www.programmes.uliege.be\/cocoon\/20232024\/formations\/bref\/DYGARC90.html<\/a><\/p>\n\n\n\n<p>Les diff\u00e9rents modules s&#8217;organisent comme ceci au cours de l&#8217;ann\u00e9e, les journ\u00e9e durant habituellement de <strong>9h \u00e0 17h <\/strong>:<\/p>\n\n\n\n<figure class=\"wp-block-gallery has-nested-images columns-default is-cropped wp-block-gallery-1 is-layout-flex wp-block-gallery-is-layout-flex\">\n<figure class=\"wp-block-image size-large\"><img loading=\"lazy\" decoding=\"async\" width=\"1722\" height=\"1020\" data-id=\"238\" src=\"https:\/\/www.planicrise.be\/wp-content\/uploads\/2025\/07\/Agenda-PlaniCrise-25-26-V2-1.png\" alt=\"\" class=\"wp-image-238\"\/><\/figure>\n<\/figure>\n\n\n\n<p>\u2022 Un <strong>socle de base<\/strong> abordant les principes g\u00e9n\u00e9raux de la gestion des risques et des crises (th\u00e9ories et concepts, acteurs, pr\u00e9vention) <strong>PlaniCom<\/strong> &#8211; 5 cr\u00e9dits &#8211; Lieu de la formation: Li\u00e8ge<\/p>\n\n\n\n<p>\u2022 <strong>Un cycle de conf\u00e9rence<\/strong> sur des sujets d\u00e9termin\u00e9s selon l\u2019actualit\u00e9 en Belgique et \u00e0 l\u2019\u00e9tranger (plateforme PlaniCom + une autre conf\u00e9rence au choix) &#8211; 1 cr\u00e9dit<\/p>\n\n\n\n<p>\u2022 Des unit\u00e9s d\u2019enseignement de sp\u00e9cialisation :<\/p>\n\n\n\n<ul class=\"wp-block-list\">\n<li>&nbsp;<strong>R\u00e9silience territoriale<\/strong> (3 cr\u00e9dits &#8211; UMons) &#8211; lieu de la formation: Mons<\/li>\n\n\n\n<li>&nbsp;<strong>Risques technologiques <\/strong>(4 cr\u00e9dits &#8211; UMons) &#8211; lieu de la formation: Mons<\/li>\n\n\n\n<li><strong>Gestion multidisciplinaire des situations d\u2019exception<\/strong> (7 cr\u00e9dits &#8211; ULB) &#8211; lieu de la formation: Sambreville<\/li>\n\n\n\n<li><strong>Gestion de crise nationale et aspects internationaux<\/strong> (2 cr\u00e9dits &#8211; Centre national de crise) &#8211; lieu de la formation: Bruxelles<\/li>\n\n\n\n<li><strong>Culture du risque<\/strong> (1 cr\u00e9dit &#8211; Centre r\u00e9gional de crise de Wallonie) &#8211; lieu de la formation: Namur<\/li>\n\n\n\n<li><strong>Risque et patrimoine &#8211; logiques de conservation pr\u00e9ventive et gestion de crise<\/strong> (1 cr\u00e9dit &#8211; UCLouvain) &#8211; lieu de la formation: Louvain &#8211; la &#8211; Neuve<\/li>\n\n\n\n<li><strong>Techniques de planification d\u2019urgence<\/strong> (1 cr\u00e9dit &#8211; ULi\u00e8ge) &#8211; lieu de la formation: Li\u00e8ge<\/li>\n\n\n\n<li><strong>Communication de crise<\/strong> (1 cr\u00e9dit &#8211; ULi\u00e8ge) &#8211; lieu de la formation: Li\u00e8ge<\/li>\n\n\n\n<li><strong>Grands \u00e9v\u00e8nements <\/strong>(1 cr\u00e9dit &#8211; ULi\u00e8ge) &#8211; lieu de la formation: Li\u00e8ge<\/li>\n<\/ul>\n\n\n\n<p>\u2022 Un <strong>travail de fin de formation <\/strong>avec une pr\u00e9sentation orale &#8211; 3 cr\u00e9dits<\/p>\n","protected":false},"excerpt":{"rendered":"<p>Agenda 2025-2026 Le cursus comprend une formation th\u00e9orique et d\u2019expertise, de nombreux exercices pratiques, ainsi qu\u2019un travail de fin de formation. Les d\u00e9tails de ces 30 cr\u00e9dits peuvent se trouver \u00e0 l&#8217;adresse suivante: https:\/\/www.programmes.uliege.be\/cocoon\/20232024\/formations\/bref\/DYGARC90.html Les diff\u00e9rents modules s&#8217;organisent comme ceci au cours de l&#8217;ann\u00e9e, les journ\u00e9e durant habituellement de 9h \u00e0 17h : \u2022 Un &#8230; <a title=\"Agenda\" class=\"read-more\" href=\"https:\/\/www.planicrise.be\/index.php\/la-formation\/\" aria-label=\"More on Agenda\">Read more<\/a><\/p>\n","protected":false},"author":3,"featured_media":0,"parent":0,"menu_order":3,"comment_status":"closed","ping_status":"closed","template":"","meta":{"footnotes":""},"class_list":["post-10","page","type-page","status-publish"],"_links":{"self":[{"href":"https:\/\/www.planicrise.be\/index.php\/wp-json\/wp\/v2\/pages\/10","targetHints":{"allow":["GET"]}}],"collection":[{"href":"https:\/\/www.planicrise.be\/index.php\/wp-json\/wp\/v2\/pages"}],"about":[{"href":"https:\/\/www.planicrise.be\/index.php\/wp-json\/wp\/v2\/types\/page"}],"author":[{"embeddable":true,"href":"https:\/\/www.planicrise.be\/index.php\/wp-json\/wp\/v2\/users\/3"}],"replies":[{"embeddable":true,"href":"https:\/\/www.planicrise.be\/index.php\/wp-json\/wp\/v2\/comments?post=10"}],"version-history":[{"count":21,"href":"https:\/\/www.planicrise.be\/index.php\/wp-json\/wp\/v2\/pages\/10\/revisions"}],"predecessor-version":[{"id":255,"href":"https:\/\/www.planicrise.be\/index.php\/wp-json\/wp\/v2\/pages\/10\/revisions\/255"}],"wp:attachment":[{"href":"https:\/\/www.planicrise.be\/index.php\/wp-json\/wp\/v2\/media?parent=10"}],"curies":[{"name":"wp","href":"https:\/\/api.w.org\/{rel}","templated":true}]}}